{"id":97,"date":"2018-11-24T13:47:50","date_gmt":"2018-11-24T13:47:50","guid":{"rendered":"http:\/\/frhw.net\/cms\/?page_id=97"},"modified":"2018-11-24T13:54:54","modified_gmt":"2018-11-24T13:54:54","slug":"datenschutz","status":"publish","type":"page","link":"https:\/\/www.frhw.net\/?page_id=97","title":{"rendered":"Datenschutz"},"content":{"rendered":"<h3>I. Diensteanbieter<\/h3>\n<p>Der Fechterring Hochwald Wadern e.V., vertreten durch Peter Molter, Paul-Klee-Stra\u00dfe 47, 66564 Ottweiler, E-Mail: p.molter@web.de, ist Betreiber der Webseite www.frhw.net. Der Fechterring Hochwald Wadern e.V. ist verantwortliche Stelle im Sinne der Datenschutzvorschriften und der Vorschriften f\u00fcr Telemedien.<\/p>\n<h3>II. Datenerhebung<\/h3>\n<p>Wir nehmen den Schutz Ihrer personenbezogenen Daten ernst. Mit dieser Datenschutzerkl\u00e4rung informieren wir Sie dar\u00fcber, welche personenbezogenen Daten im Rahmen der Nutzung unserer Webseite erhoben und zu welchen Zwecken die Daten verwendet werden. Wir verwenden Ihre Daten nur im gesetzlich zul\u00e4ssigen Rahmen sowie aufgrund Ihrer Einwilligung. Personenbezogene Daten sind Angaben \u00fcber pers\u00f6nliche oder sachliche Verh\u00e4ltnisse einer bestimmten oder bestimmbaren nat\u00fcrlichen Person, wie z.B. Name, Adresse, Telefonnummer, E-Mail-Adresse, IP-Adresse. Der Besuch unserer Webseite ist grunds\u00e4tzlich ohne Angabe von personenbezogenen Daten m\u00f6glich. Lediglich wird aus technischen Gr\u00fcnden automatisch Ihre IP-Adresse vor\u00fcbergehend gespeichert, wenn Sie unsere Webseite besuchen. Gespeichert werden im \u00dcbrigen lediglich Zugriffsdaten ohne Personenbezug, wie z.B. Name Ihres Internet Service Providers, Datum und Uhrzeit der Anfrage, Inhalt der Anforderung (konkrete Seite), Zugriffsstatus\/HTTP-Statuscode, jeweils \u00fcbertragene Datenmenge, Webseite, von der die Anforderung kommt, Browser, Betriebssystem und dessen Oberfl\u00e4che, Sprache und Version der Browsersoftware (sog. Logfile). Diese anonymen Daten erlauben keinerlei R\u00fcckschl\u00fcsse auf Ihre Person.<\/p>\n<h3>III. Cookies<\/h3>\n<p>Damit diese Webseite ordnungsgem\u00e4\u00df funktioniert, legen wir manchmal kleine Dateien, sogenannte Cookies, auf Ihrem Ger\u00e4t ab. Das ist bei den meisten gro\u00dfen Websites \u00fcblich.<\/p>\n<h4>Was sind Cookies?<\/h4>\n<p>Ein Cookie ist eine kleine Textdatei, die eine Webseite auf Ihrem Rechner, Tablet oder Smartphone hinterl\u00e4sst, wenn Sie es besuchen. So kann sich die Webseite bestimmte Eingaben und Einstellungen (z. B. Login, Sprache, Schriftgr\u00f6\u00dfe und andere Anzeigepr\u00e4ferenzen) \u00fcber einen bestimmten Zeitraum \u201emerken\u201c, und Sie brauchen diese nicht bei jedem weiteren Besuch und beim Navigieren im Portal erneut vorzunehmen.<\/p>\n<h4>Wie setzen wir Cookies ein?<\/h4>\n<p>Auf unseren Seiten verwenden wir Cookies zur Speicherung Ihrer Vorlieben bei der Bildschirmanzeige , z. B. Kontrast und Schriftgr\u00f6\u00dfe Ihrer etwaigen Teilnahme an einer Umfrage zur N\u00fctzlichkeit der Inhalte (damit Sie nicht erneut durch ein Pop-up-Fenster zur Beantwortung aufgefordert werden) Ihrer Entscheidung zur (oder gegen die) Nutzung von Cookies auf dieser Webseite. Auch einige auf unseren Seiten eingebettete Videos verwenden Cookies zur Erstellung anonymer Statistiken \u00fcber die zuvor besuchten Seiten und die ausgew\u00e4hlten Videos.<\/p>\n<p>Das Akzeptieren von Cookies ist zwar f\u00fcr die Nutzung der Webseite nicht unbedingt erforderlich, macht das Surfen aber angenehmer. Sie k\u00f6nnen Cookies blockieren oder l\u00f6schen, das kann jedoch einige Funktionen dieser Webseite beeintr\u00e4chtigen. Die mithilfe von Cookies erhobenen Informationen werden nicht dazu genutzt, Sie zu identifizieren, und die Daten unterliegen vollst\u00e4ndig unserer Kontrolle. Die Cookies dienen keinen anderen Zwecken als den hier genannten.<\/p>\n<h4>Werden auch andere Cookies verwendet?<\/h4>\n<p>Auf einigen unserer Seiten oder Unterseiten k\u00f6nnen zus\u00e4tzliche oder andere Cookies als oben beschrieben zum Einsatz kommen. Gegebenenfalls werden deren Eigenschaften in einem speziellen Hinweis angegeben und Ihre Zustimmung zu deren Speicherung eingeholt.<\/p>\n<h4>Kontrolle \u00fcber Cookies<\/h4>\n<p>Sie k\u00f6nnen Cookies nach Belieben steuern und\/oder l\u00f6schen. Sie k\u00f6nnen alle auf Ihrem Rechner abgelegten Cookies l\u00f6schen und die meisten Browser so einstellen, dass die Ablage von Cookies verhindert wird. Dann m\u00fcssen Sie aber m\u00f6glicherweise einige Einstellungen bei jedem Besuch einer Seite manuell vornehmen und die Beeintr\u00e4chtigung mancher Funktionen in Kauf nehmen.<\/p>\n<h3>IV. Beschwerderecht<\/h3>\n<p>Wenn Sie der Ansicht sind, dass die Verarbeitung der sie betreffenden personenbezogenen Daten gegen die datenschutzrechtlichen Vorgaben verst\u00f6\u00dft, k\u00f6nnen Sie sich mit einer Beschwerde an eine Aufsichtsbeh\u00f6rde wenden. Dies kann z. B. der Landesdatenschutzbeauftragte des jeweiligen Bundeslandes sein. Die aktuellen Kontaktdaten finden Sie hier: https:\/\/www.bfdi.bund.de\/DE\/Infothek\/Anschriften_Links\/anschriften_links-node.html<\/p>\n<h3>V. Ansprechpartner im Verein<\/h3>\n<p>Bei Fragen oder Beschwerden rund um den Datenschutz auf dieser Webseite k\u00f6nnen Sie sich gerne an den Verantwortlichen wenden unter der Kontaktadresse:\u00a0 p.molter@web.de<br \/>\nVerantwortlich f\u00fcr die Inhalte und Einhaltung aller Vorschriften sind die im Impressum genannten Personen.<\/p>\n<p><em><br \/>\nStand der Datenschutzerkl\u00e4rung: 05\/2018<\/em><\/p>\n","protected":false},"excerpt":{"rendered":"<p>I. Diensteanbieter Der Fechterring Hochwald Wadern e.V., vertreten durch Peter Molter, Paul-Klee-Stra\u00dfe 47, 66564 Ottweiler, E-Mail: p.molter@web.de, ist Betreiber der Webseite www.frhw.net. Der Fechterring Hochwald Wadern e.V. ist verantwortliche Stelle im Sinne der Datenschutzvorschriften und der Vorschriften f\u00fcr Telemedien. II. Datenerhebung Wir nehmen den Schutz Ihrer personenbezogenen Daten ernst. Mit dieser Datenschutzerkl\u00e4rung informieren wir Sie &hellip; <\/p>\n<p class=\"link-more\"><a href=\"https:\/\/www.frhw.net\/?page_id=97\" class=\"more-link\"><span class=\"screen-reader-text\">\u201eDatenschutz\u201c<\/span> weiterlesen<\/a><\/p>\n","protected":false},"author":1,"featured_media":0,"parent":0,"menu_order":0,"comment_status":"closed","ping_status":"closed","template":"","meta":{"footnotes":""},"class_list":["post-97","page","type-page","status-publish","hentry"],"_links":{"self":[{"href":"https:\/\/www.frhw.net\/index.php?rest_route=\/wp\/v2\/pages\/97","targetHints":{"allow":["GET"]}}],"collection":[{"href":"https:\/\/www.frhw.net\/index.php?rest_route=\/wp\/v2\/pages"}],"about":[{"href":"https:\/\/www.frhw.net\/index.php?rest_route=\/wp\/v2\/types\/page"}],"author":[{"embeddable":true,"href":"https:\/\/www.frhw.net\/index.php?rest_route=\/wp\/v2\/users\/1"}],"replies":[{"embeddable":true,"href":"https:\/\/www.frhw.net\/index.php?rest_route=%2Fwp%2Fv2%2Fcomments&post=97"}],"version-history":[{"count":3,"href":"https:\/\/www.frhw.net\/index.php?rest_route=\/wp\/v2\/pages\/97\/revisions"}],"predecessor-version":[{"id":104,"href":"https:\/\/www.frhw.net\/index.php?rest_route=\/wp\/v2\/pages\/97\/revisions\/104"}],"wp:attachment":[{"href":"https:\/\/www.frhw.net\/index.php?rest_route=%2Fwp%2Fv2%2Fmedia&parent=97"}],"curies":[{"name":"wp","href":"https:\/\/api.w.org\/{rel}","templated":true}]}}