{"id":5,"date":"2017-12-29T11:28:14","date_gmt":"2017-12-29T11:28:14","guid":{"rendered":"http:\/\/frhw.net\/cms\/?page_id=5"},"modified":"2024-05-17T16:48:12","modified_gmt":"2024-05-17T16:48:12","slug":"startseite","status":"publish","type":"page","link":"https:\/\/www.frhw.net\/","title":{"rendered":"Startseite"},"content":{"rendered":"<div class=\"wp-block-image\">\n<figure class=\"alignleft size-full is-resized\"><img loading=\"lazy\" decoding=\"async\" width=\"480\" height=\"480\" src=\"https:\/\/www.frhw.net\/wp-content\/uploads\/2017\/12\/logo2.png\" alt=\"Logo\" class=\"wp-image-14\" style=\"width:120px;height:120px\" srcset=\"https:\/\/www.frhw.net\/wp-content\/uploads\/2017\/12\/logo2.png 480w, https:\/\/www.frhw.net\/wp-content\/uploads\/2017\/12\/logo2-150x150.png 150w, https:\/\/www.frhw.net\/wp-content\/uploads\/2017\/12\/logo2-300x300.png 300w, https:\/\/www.frhw.net\/wp-content\/uploads\/2017\/12\/logo2-100x100.png 100w\" sizes=\"auto, (max-width: 480px) 100vw, 480px\" \/><\/figure>\n<\/div>\n\n\n<p>Willkommen auf den Internetseiten des<br>Fechterring Hochwald Wadern e. V.<\/p>\n\n\n\n<p>Der Fechterring Hochwald Wadern e.V. existiert seit dem Jahre 1997. Derzeit ist es einer der &nbsp;zahlenm\u00e4\u00dfig st\u00e4rksten und erfolgreichsten Vereine in der Hochwaldregion.&nbsp;Im Fechterring wird haupts\u00e4chlich mit der Waffe Degen trainiert und gefochten. Der Verein liegt durch die Schwerpunktsetzung auf dem Degen &nbsp;innerhalb des saarl\u00e4ndischen Fechterbundes im vorderen Bereich, was die Teilnahmen und Platzierungen bei Wettk\u00e4mpfen angeht.<\/p>\n","protected":false},"excerpt":{"rendered":"<p>Willkommen auf den Internetseiten desFechterring Hochwald Wadern e. V. Der Fechterring Hochwald Wadern e.V. existiert seit dem Jahre 1997. Derzeit ist es einer der &nbsp;zahlenm\u00e4\u00dfig st\u00e4rksten und erfolgreichsten Vereine in der Hochwaldregion.&nbsp;Im Fechterring wird haupts\u00e4chlich mit der Waffe Degen trainiert und gefochten. Der Verein liegt durch die Schwerpunktsetzung auf dem Degen &nbsp;innerhalb des saarl\u00e4ndischen Fechterbundes &hellip; <\/p>\n<p class=\"link-more\"><a href=\"https:\/\/www.frhw.net\/\" class=\"more-link\"><span class=\"screen-reader-text\">\u201eStartseite\u201c<\/span> weiterlesen<\/a><\/p>\n","protected":false},"author":1,"featured_media":0,"parent":0,"menu_order":0,"comment_status":"closed","ping_status":"closed","template":"","meta":{"footnotes":""},"class_list":["post-5","page","type-page","status-publish","hentry"],"_links":{"self":[{"href":"https:\/\/www.frhw.net\/index.php?rest_route=\/wp\/v2\/pages\/5","targetHints":{"allow":["GET"]}}],"collection":[{"href":"https:\/\/www.frhw.net\/index.php?rest_route=\/wp\/v2\/pages"}],"about":[{"href":"https:\/\/www.frhw.net\/index.php?rest_route=\/wp\/v2\/types\/page"}],"author":[{"embeddable":true,"href":"https:\/\/www.frhw.net\/index.php?rest_route=\/wp\/v2\/users\/1"}],"replies":[{"embeddable":true,"href":"https:\/\/www.frhw.net\/index.php?rest_route=%2Fwp%2Fv2%2Fcomments&post=5"}],"version-history":[{"count":12,"href":"https:\/\/www.frhw.net\/index.php?rest_route=\/wp\/v2\/pages\/5\/revisions"}],"predecessor-version":[{"id":617,"href":"https:\/\/www.frhw.net\/index.php?rest_route=\/wp\/v2\/pages\/5\/revisions\/617"}],"wp:attachment":[{"href":"https:\/\/www.frhw.net\/index.php?rest_route=%2Fwp%2Fv2%2Fmedia&parent=5"}],"curies":[{"name":"wp","href":"https:\/\/api.w.org\/{rel}","templated":true}]}}