{"id":235,"date":"2018-12-03T20:15:00","date_gmt":"2018-12-03T20:15:00","guid":{"rendered":"https:\/\/www.frhw.net\/cms\/?page_id=235"},"modified":"2018-12-03T20:15:00","modified_gmt":"2018-12-03T20:15:00","slug":"verein","status":"publish","type":"page","link":"https:\/\/www.frhw.net\/?page_id=235","title":{"rendered":"Verein"},"content":{"rendered":"<p>Der Fechterring Hochwald Wadern e.V. existiert seit dem Jahre 1997. Derzeit ist es einer der &nbsp;zahlenm\u00e4\u00dfig st\u00e4rksten und erfolgreichsten Vereine in der Hochwaldregion.&nbsp;Im Fechterring wird haupts\u00e4chlich mit der Waffe Degen trainiert und gefochten. Der Verein liegt durch die Schwerpunktsetzung auf dem Degen &nbsp;innerhalb des saarl\u00e4ndischen Fechterbundes im vorderen Bereich, was die Teilnahmen und Platzierungen bei Wettk\u00e4mpfen angeht.<\/p>\n<p>Qualit\u00e4t im Training spielt eine sehr wichtige Rolle und steht an oberster Stelle, ebenso der Spa\u00df, der nicht zu kurz kommen darf. Dabei zeichnet sich die Arbeit im Training auch durch Disziplin und Respekt aus. Dem Fechterring ist es gelungen dies alles harmonisch zu verbinden, was die steigenden Mitgliederzahlen best\u00e4tigen. Im Fechterring kann Fechten von allen Altersklasse und allen Personen betrieben werden, die diesen faszinierenden Sport ausprobieren m\u00f6chten.<\/p>\n<p>Insgesamt gibt es zwei sportliche Bereiche: Breiten- und Leistungssport. Dementsprechend werden auch unterschiedliche Trainingseinheiten angeboten, um den jeweiligen Bed\u00fcrfnissen zu entsprechen. So ist sowohl f\u00fcr Leitungssportler \u2013 und Kaderathleten, als auch f\u00fcr reine Hobbysportler etwas geboten. Dar\u00fcber hinaus besteht die M\u00f6glichkeit sich noch weiter im Verein zu engagieren. Dies ist u.a. als \u00dcbungsleiter m\u00f6glich, oder als Kampfrichter.<\/p>\n<p>Eine offene Kommunikation und Zusammenarbeit mit den Mitgliedern ist des Weiteren ein wichtiger Bestandteil, um gemeinsam an einem Strang ziehen zu k\u00f6nnen und um zuk\u00fcnftige Ziele zu erreichen. Dabei versuchen die Trainer soweit es geht auf die individuellen Bed\u00fcrfnisse einzugehen und jeden entsprechend seiner Eigenleistung zu unterst\u00fctzen und zu f\u00f6rdern. Das Gemeinschaftsgef\u00fchl und das harmonische Umfeld bilden ebenso die Grundlage f\u00fcr die bisherigen Erfolge (\u00fcber 100 Saarlandmeistertitel und zahlreiche Podestpl\u00e4tze bei Deutschen und Internationalen Meisterschaften) und f\u00fcr eine aussichtsreiche und vielversprechende Zukunft. Denn nur gemeinsam sind wir stark!<\/p>\n<p>&nbsp;<\/p>\n","protected":false},"excerpt":{"rendered":"<p>Der Fechterring Hochwald Wadern e.V. existiert seit dem Jahre 1997. Derzeit ist es einer der &nbsp;zahlenm\u00e4\u00dfig st\u00e4rksten und erfolgreichsten Vereine in der Hochwaldregion.&nbsp;Im Fechterring wird haupts\u00e4chlich mit der Waffe Degen trainiert und gefochten. Der Verein liegt durch die Schwerpunktsetzung auf dem Degen &nbsp;innerhalb des saarl\u00e4ndischen Fechterbundes im vorderen Bereich, was die Teilnahmen und Platzierungen bei &hellip; <\/p>\n<p class=\"link-more\"><a href=\"https:\/\/www.frhw.net\/?page_id=235\" class=\"more-link\"><span class=\"screen-reader-text\">\u201eVerein\u201c<\/span> weiterlesen<\/a><\/p>\n","protected":false},"author":1,"featured_media":0,"parent":0,"menu_order":0,"comment_status":"closed","ping_status":"closed","template":"","meta":{"footnotes":""},"class_list":["post-235","page","type-page","status-publish","hentry"],"_links":{"self":[{"href":"https:\/\/www.frhw.net\/index.php?rest_route=\/wp\/v2\/pages\/235","targetHints":{"allow":["GET"]}}],"collection":[{"href":"https:\/\/www.frhw.net\/index.php?rest_route=\/wp\/v2\/pages"}],"about":[{"href":"https:\/\/www.frhw.net\/index.php?rest_route=\/wp\/v2\/types\/page"}],"author":[{"embeddable":true,"href":"https:\/\/www.frhw.net\/index.php?rest_route=\/wp\/v2\/users\/1"}],"replies":[{"embeddable":true,"href":"https:\/\/www.frhw.net\/index.php?rest_route=%2Fwp%2Fv2%2Fcomments&post=235"}],"version-history":[{"count":1,"href":"https:\/\/www.frhw.net\/index.php?rest_route=\/wp\/v2\/pages\/235\/revisions"}],"predecessor-version":[{"id":236,"href":"https:\/\/www.frhw.net\/index.php?rest_route=\/wp\/v2\/pages\/235\/revisions\/236"}],"wp:attachment":[{"href":"https:\/\/www.frhw.net\/index.php?rest_route=%2Fwp%2Fv2%2Fmedia&parent=235"}],"curies":[{"name":"wp","href":"https:\/\/api.w.org\/{rel}","templated":true}]}}