{"id":144,"date":"2018-11-24T15:05:59","date_gmt":"2018-11-24T15:05:59","guid":{"rendered":"http:\/\/frhw.net\/cms\/?page_id=144"},"modified":"2018-11-24T15:09:10","modified_gmt":"2018-11-24T15:09:10","slug":"vereinsgeschichte","status":"publish","type":"page","link":"https:\/\/www.frhw.net\/?page_id=144","title":{"rendered":"Vereinsgeschichte"},"content":{"rendered":"<p>Am 18.01.1961 wurde der eigenst\u00e4ndige Fechter-Ring Beckingen gegr\u00fcndet, der sich vom T.V. Beckingen 1950 abtrennte. Gr\u00fcnder und Erster Vorsitzender beim Fechter-Ring Beckingen war Erich Bottler.<\/p>\n<p>Im Jahre 1974 erhielt der Fechter-Ring Beckingen aufgrund einer Vielzahl von Fechtern aus dem Waderner Raum die Namenserweiterung auf Fechterring Beckingen-Wadern.<\/p>\n<p>In den n\u00e4chsten Jahren erfolgte immer mehr eine Konzentration des sportlichen Geschehens auf den Hochwaldraum, so dass in der Generalversammlung vom 30.01.1997 eine Umbenennung in den Fechterring Hochwald Wadern erfolgte. Ebenfalls wurde der Verein in das Vereinsregister eingetragen. Die Umbenennung von 1997 ist der Startschuss zu dem systematischen Aufbau eines neuen, modern gef\u00fchrten Vereins, was sich in folgenden Entwicklungen widerspiegelt:<\/p>\n<ul>\n<li>systematische Nachwuchsf\u00f6rderung im Rahmen des Projektes Schule und Verein<\/li>\n<li>Ausbau der Trainingszeiten und professionelles Training unter der Aufsicht qualifizierter Trainer<\/li>\n<li>Intensive Pressearbeit im Hochwaldraum Sponsoring durch etablierte Unternehmen<\/li>\n<\/ul>\n","protected":false},"excerpt":{"rendered":"<p>Am 18.01.1961 wurde der eigenst\u00e4ndige Fechter-Ring Beckingen gegr\u00fcndet, der sich vom T.V. Beckingen 1950 abtrennte. Gr\u00fcnder und Erster Vorsitzender beim Fechter-Ring Beckingen war Erich Bottler. Im Jahre 1974 erhielt der Fechter-Ring Beckingen aufgrund einer Vielzahl von Fechtern aus dem Waderner Raum die Namenserweiterung auf Fechterring Beckingen-Wadern. In den n\u00e4chsten Jahren erfolgte immer mehr eine Konzentration &hellip; <\/p>\n<p class=\"link-more\"><a href=\"https:\/\/www.frhw.net\/?page_id=144\" class=\"more-link\"><span class=\"screen-reader-text\">\u201eVereinsgeschichte\u201c<\/span> weiterlesen<\/a><\/p>\n","protected":false},"author":1,"featured_media":0,"parent":0,"menu_order":0,"comment_status":"closed","ping_status":"closed","template":"","meta":{"footnotes":""},"class_list":["post-144","page","type-page","status-publish","hentry"],"_links":{"self":[{"href":"https:\/\/www.frhw.net\/index.php?rest_route=\/wp\/v2\/pages\/144","targetHints":{"allow":["GET"]}}],"collection":[{"href":"https:\/\/www.frhw.net\/index.php?rest_route=\/wp\/v2\/pages"}],"about":[{"href":"https:\/\/www.frhw.net\/index.php?rest_route=\/wp\/v2\/types\/page"}],"author":[{"embeddable":true,"href":"https:\/\/www.frhw.net\/index.php?rest_route=\/wp\/v2\/users\/1"}],"replies":[{"embeddable":true,"href":"https:\/\/www.frhw.net\/index.php?rest_route=%2Fwp%2Fv2%2Fcomments&post=144"}],"version-history":[{"count":4,"href":"https:\/\/www.frhw.net\/index.php?rest_route=\/wp\/v2\/pages\/144\/revisions"}],"predecessor-version":[{"id":149,"href":"https:\/\/www.frhw.net\/index.php?rest_route=\/wp\/v2\/pages\/144\/revisions\/149"}],"wp:attachment":[{"href":"https:\/\/www.frhw.net\/index.php?rest_route=%2Fwp%2Fv2%2Fmedia&parent=144"}],"curies":[{"name":"wp","href":"https:\/\/api.w.org\/{rel}","templated":true}]}}